{"id":10449,"date":"2013-08-15T17:58:41","date_gmt":"2013-08-15T17:58:41","guid":{"rendered":"https:\/\/www.urlaubcornwall.de\/blog\/?page_id=10449"},"modified":"2024-05-28T15:11:23","modified_gmt":"2024-05-28T15:11:23","slug":"ferienhaeuser-in-den-west-highlands-von-schottland","status":"publish","type":"page","link":"https:\/\/www.urlaubcornwall.de\/blog\/ferienhaeuser-in-den-west-highlands-von-schottland\/","title":{"rendered":"Ferienh\u00e4user in den West Highlands von Schottland"},"content":{"rendered":"<p><a href=\"https:\/\/www.urlaubcornwall.de\/blog\/wp-content\/uploads\/2024\/03\/Glenfinnan-Viaduct-Hogwarts-Express-schottland.jpg\"><img loading=\"lazy\" src=\"https:\/\/www.urlaubcornwall.de\/blog\/wp-content\/uploads\/2024\/03\/Glenfinnan-Viaduct-Hogwarts-Express-schottland.jpg\" alt=\"Glenfinnan Viaduct Hogwarts-Express-schottland\" width=\"750\" height=\"480\" class=\"alignnone size-full wp-image-48207\" srcset=\"https:\/\/www.urlaubcornwall.de\/blog\/wp-content\/uploads\/2024\/03\/Glenfinnan-Viaduct-Hogwarts-Express-schottland.jpg 750w, https:\/\/www.urlaubcornwall.de\/blog\/wp-content\/uploads\/2024\/03\/Glenfinnan-Viaduct-Hogwarts-Express-schottland-300x192.jpg 300w\" sizes=\"(max-width: 750px) 100vw, 750px\" \/><\/a><\/p>\n<p>Urlaub West Highland &#8211; Das <a href=\"https:\/\/www.urlaubcornwall.de\/ferienhaeuser-fewos\/sco\/nordschottland\/fort-william.html\">Fort William<\/a> und der <a href=\"https:\/\/www.urlaubcornwall.de\/ferienhaeuser-fewos\/sco\/nordschottland\/cairngorms.html\">Cairngorms-Nationalpark<\/a> sind leicht erreichbar, sodass die Ferienh\u00e4user die perfekte Basis bieten, um die Highlands zu entdecken. Das Dorf Tulloch selbst eignet sich als ein hervorragender Ausgangspunkt f\u00fcr einen Schottlandurlaub in den Highlands, denn es bietet ausgezeichnetes Bergwandern, gute Verkehrsverbindungen und nette Restaurants in der N\u00e4he, in denen schottische K\u00fcche serviert wird. <\/p>\n<p>Zu den nahegelegenen Sehensw\u00fcrdigkeiten geh\u00f6rt die Eisenbahnstrecke von Fort William nach Mallaig, der Cairngorms-Nationalpark, das Naturschutzgebiet Glen Roy, Ben Nevis, Glencoe, Loch Ness und das Great Glen.<\/p>\n<h1 style=\"text-align: center;\"><strong>Bei uns finden Sie Ferienh\u00e4user zum Verlieben \u2013 so einfach ist das!<\/strong><\/h1>\n<p style=\"text-align: center;\">UrlaubCornwall verf\u00fcgt Ferienh\u00e4user und Ferienwohnungen&nbsp; f\u00fcr Ihren <a href=\"https:\/\/www.urlaubcornwall.de\/reiseziel\/schottland.php\">Urlaub in Schottland<\/a>. Unterk\u00fcnfte der Spitzenklasse f\u00fcr 2 Personen, Familien und Gruppen mit 4, 6, 8, 10 oder 12 G\u00e4sten.<\/p>\n<p style=\"text-align: center;\"><a class=\"tidycta\" href=\"https:\/\/www.urlaubcornwall.de\/ferienhaeuser\/schottland.php\">Suche Ferienh\u00e4user in Schottland<\/a><\/p>\n","protected":false},"excerpt":{"rendered":"<p>Urlaub West Highland &#8211; Das Fort William und der Cairngorms-Nationalpark sind leicht erreichbar, sodass die Ferienh\u00e4user die perfekte Basis bieten, um die Highlands zu entdecken. Das Dorf Tulloch selbst eignet sich als ein hervorragender Ausgangspunkt f\u00fcr einen Schottlandurlaub in den Highlands, denn es bietet ausgezeichnetes Bergwandern, gute Verkehrsverbindungen und nette Restaurants in der N\u00e4he, in [&hellip;]<\/p>\n","protected":false},"author":1,"featured_media":0,"parent":0,"menu_order":0,"comment_status":"closed","ping_status":"closed","template":"single-four.php","meta":[],"acf":[],"yoast_head":"<!-- This site is optimized with the Yoast SEO plugin v19.4 - https:\/\/yoast.com\/wordpress\/plugins\/seo\/ -->\n<title>Ferienh\u00e4user in den West Highlands von Schottland - Urlaub &amp; Reisen<\/title>\n<meta name=\"robots\" content=\"index, follow, max-snippet:-1, max-image-preview:large, max-video-preview:-1\" \/>\n<link rel=\"canonical\" href=\"https:\/\/www.urlaubcornwall.de\/blog\/ferienhaeuser-in-den-west-highlands-von-schottland\/\" \/>\n<meta property=\"og:locale\" content=\"en_US\" \/>\n<meta property=\"og:type\" content=\"article\" \/>\n<meta property=\"og:title\" content=\"Ferienh\u00e4user in den West Highlands von Schottland - Urlaub &amp; Reisen\" \/>\n<meta property=\"og:description\" content=\"Urlaub West Highland &#8211; Das Fort William und der Cairngorms-Nationalpark sind leicht erreichbar, sodass die Ferienh\u00e4user die perfekte Basis bieten, um die Highlands zu entdecken. Das Dorf Tulloch selbst eignet sich als ein hervorragender Ausgangspunkt f\u00fcr einen Schottlandurlaub in den Highlands, denn es bietet ausgezeichnetes Bergwandern, gute Verkehrsverbindungen und nette Restaurants in der N\u00e4he, in [&hellip;]\" \/>\n<meta property=\"og:url\" content=\"https:\/\/www.urlaubcornwall.de\/blog\/ferienhaeuser-in-den-west-highlands-von-schottland\/\" \/>\n<meta property=\"og:site_name\" content=\"Urlaub &amp; Reisen\" \/>\n<meta property=\"article:modified_time\" content=\"2024-05-28T15:11:23+00:00\" \/>\n<meta property=\"og:image\" content=\"https:\/\/www.urlaubcornwall.de\/blog\/wp-content\/uploads\/2024\/03\/Glenfinnan-Viaduct-Hogwarts-Express-schottland.jpg\" \/>\n<meta name=\"twitter:card\" content=\"summary\" \/>\n<meta name=\"twitter:label1\" content=\"Est. reading time\" \/>\n\t<meta name=\"twitter:data1\" content=\"1 minute\" \/>\n<script type=\"application\/ld+json\" class=\"yoast-schema-graph\">{\"@context\":\"https:\/\/schema.org\",\"@graph\":[{\"@type\":\"WebSite\",\"@id\":\"https:\/\/www.urlaubcornwall.de\/blog\/#website\",\"url\":\"https:\/\/www.urlaubcornwall.de\/blog\/\",\"name\":\"Urlaub &amp; Reisen\",\"description\":\"Urlaub, Reisen, Cornwall und S\u00fcdengland: eine perfekte Kombination\",\"potentialAction\":[{\"@type\":\"SearchAction\",\"target\":{\"@type\":\"EntryPoint\",\"urlTemplate\":\"https:\/\/www.urlaubcornwall.de\/blog\/?s={search_term_string}\"},\"query-input\":\"required name=search_term_string\"}],\"inLanguage\":\"en-US\"},{\"@type\":\"WebPage\",\"@id\":\"https:\/\/www.urlaubcornwall.de\/blog\/ferienhaeuser-in-den-west-highlands-von-schottland\/\",\"url\":\"https:\/\/www.urlaubcornwall.de\/blog\/ferienhaeuser-in-den-west-highlands-von-schottland\/\",\"name\":\"Ferienh\u00e4user in den West Highlands von Schottland - Urlaub &amp; Reisen\",\"isPartOf\":{\"@id\":\"https:\/\/www.urlaubcornwall.de\/blog\/#website\"},\"datePublished\":\"2013-08-15T17:58:41+00:00\",\"dateModified\":\"2024-05-28T15:11:23+00:00\",\"breadcrumb\":{\"@id\":\"https:\/\/www.urlaubcornwall.de\/blog\/ferienhaeuser-in-den-west-highlands-von-schottland\/#breadcrumb\"},\"inLanguage\":\"en-US\",\"potentialAction\":[{\"@type\":\"ReadAction\",\"target\":[\"https:\/\/www.urlaubcornwall.de\/blog\/ferienhaeuser-in-den-west-highlands-von-schottland\/\"]}]},{\"@type\":\"BreadcrumbList\",\"@id\":\"https:\/\/www.urlaubcornwall.de\/blog\/ferienhaeuser-in-den-west-highlands-von-schottland\/#breadcrumb\",\"itemListElement\":[{\"@type\":\"ListItem\",\"position\":1,\"name\":\"Home\",\"item\":\"https:\/\/www.urlaubcornwall.de\/blog\/\"},{\"@type\":\"ListItem\",\"position\":2,\"name\":\"Ferienh\u00e4user in den West Highlands von Schottland\"}]}]}<\/script>\n<!-- \/ Yoast SEO plugin. -->","yoast_head_json":{"title":"Ferienh\u00e4user in den West Highlands von Schottland - Urlaub &amp; Reisen","robots":{"index":"index","follow":"follow","max-snippet":"max-snippet:-1","max-image-preview":"max-image-preview:large","max-video-preview":"max-video-preview:-1"},"canonical":"https:\/\/www.urlaubcornwall.de\/blog\/ferienhaeuser-in-den-west-highlands-von-schottland\/","og_locale":"en_US","og_type":"article","og_title":"Ferienh\u00e4user in den West Highlands von Schottland - Urlaub &amp; Reisen","og_description":"Urlaub West Highland &#8211; Das Fort William und der Cairngorms-Nationalpark sind leicht erreichbar, sodass die Ferienh\u00e4user die perfekte Basis bieten, um die Highlands zu entdecken. Das Dorf Tulloch selbst eignet sich als ein hervorragender Ausgangspunkt f\u00fcr einen Schottlandurlaub in den Highlands, denn es bietet ausgezeichnetes Bergwandern, gute Verkehrsverbindungen und nette Restaurants in der N\u00e4he, in [&hellip;]","og_url":"https:\/\/www.urlaubcornwall.de\/blog\/ferienhaeuser-in-den-west-highlands-von-schottland\/","og_site_name":"Urlaub &amp; Reisen","article_modified_time":"2024-05-28T15:11:23+00:00","og_image":[{"url":"https:\/\/www.urlaubcornwall.de\/blog\/wp-content\/uploads\/2024\/03\/Glenfinnan-Viaduct-Hogwarts-Express-schottland.jpg"}],"twitter_card":"summary","twitter_misc":{"Est. reading time":"1 minute"},"schema":{"@context":"https:\/\/schema.org","@graph":[{"@type":"WebSite","@id":"https:\/\/www.urlaubcornwall.de\/blog\/#website","url":"https:\/\/www.urlaubcornwall.de\/blog\/","name":"Urlaub &amp; Reisen","description":"Urlaub, Reisen, Cornwall und S\u00fcdengland: eine perfekte Kombination","potentialAction":[{"@type":"SearchAction","target":{"@type":"EntryPoint","urlTemplate":"https:\/\/www.urlaubcornwall.de\/blog\/?s={search_term_string}"},"query-input":"required name=search_term_string"}],"inLanguage":"en-US"},{"@type":"WebPage","@id":"https:\/\/www.urlaubcornwall.de\/blog\/ferienhaeuser-in-den-west-highlands-von-schottland\/","url":"https:\/\/www.urlaubcornwall.de\/blog\/ferienhaeuser-in-den-west-highlands-von-schottland\/","name":"Ferienh\u00e4user in den West Highlands von Schottland - Urlaub &amp; Reisen","isPartOf":{"@id":"https:\/\/www.urlaubcornwall.de\/blog\/#website"},"datePublished":"2013-08-15T17:58:41+00:00","dateModified":"2024-05-28T15:11:23+00:00","breadcrumb":{"@id":"https:\/\/www.urlaubcornwall.de\/blog\/ferienhaeuser-in-den-west-highlands-von-schottland\/#breadcrumb"},"inLanguage":"en-US","potentialAction":[{"@type":"ReadAction","target":["https:\/\/www.urlaubcornwall.de\/blog\/ferienhaeuser-in-den-west-highlands-von-schottland\/"]}]},{"@type":"BreadcrumbList","@id":"https:\/\/www.urlaubcornwall.de\/blog\/ferienhaeuser-in-den-west-highlands-von-schottland\/#breadcrumb","itemListElement":[{"@type":"ListItem","position":1,"name":"Home","item":"https:\/\/www.urlaubcornwall.de\/blog\/"},{"@type":"ListItem","position":2,"name":"Ferienh\u00e4user in den West Highlands von Schottland"}]}]}},"_links":{"self":[{"href":"https:\/\/www.urlaubcornwall.de\/blog\/wp-json\/wp\/v2\/pages\/10449"}],"collection":[{"href":"https:\/\/www.urlaubcornwall.de\/blog\/wp-json\/wp\/v2\/pages"}],"about":[{"href":"https:\/\/www.urlaubcornwall.de\/blog\/wp-json\/wp\/v2\/types\/page"}],"author":[{"embeddable":true,"href":"https:\/\/www.urlaubcornwall.de\/blog\/wp-json\/wp\/v2\/users\/1"}],"replies":[{"embeddable":true,"href":"https:\/\/www.urlaubcornwall.de\/blog\/wp-json\/wp\/v2\/comments?post=10449"}],"version-history":[{"count":70,"href":"https:\/\/www.urlaubcornwall.de\/blog\/wp-json\/wp\/v2\/pages\/10449\/revisions"}],"predecessor-version":[{"id":50498,"href":"https:\/\/www.urlaubcornwall.de\/blog\/wp-json\/wp\/v2\/pages\/10449\/revisions\/50498"}],"wp:attachment":[{"href":"https:\/\/www.urlaubcornwall.de\/blog\/wp-json\/wp\/v2\/media?parent=10449"}],"curies":[{"name":"wp","href":"https:\/\/api.w.org\/{rel}","templated":true}]}}