{"id":10351,"date":"2013-08-08T09:34:56","date_gmt":"2013-08-08T09:34:56","guid":{"rendered":"https:\/\/www.urlaubcornwall.de\/blog\/?page_id=10351"},"modified":"2024-05-28T15:12:52","modified_gmt":"2024-05-28T15:12:52","slug":"natural-retreats-auf-der-halbinsel-llyn-wales-luxus-ferienhaeuser-und-ferienwohnungen","status":"publish","type":"page","link":"https:\/\/www.urlaubcornwall.de\/blog\/natural-retreats-auf-der-halbinsel-llyn-wales-luxus-ferienhaeuser-und-ferienwohnungen\/","title":{"rendered":"Ferienh\u00e4user auf der Halbinsel Ll\u0177n Nord Wales"},"content":{"rendered":"<p><a href=\"https:\/\/www.urlaubcornwall.de\/blog\/wp-content\/uploads\/2024\/03\/Green-Bridge-of-Wales-Castlemartin-Wales-1.jpg\"><img loading=\"lazy\" src=\"https:\/\/www.urlaubcornwall.de\/blog\/wp-content\/uploads\/2024\/03\/Green-Bridge-of-Wales-Castlemartin-Wales-1.jpg\" alt=\"\" width=\"750\" height=\"516\" class=\"alignnone size-full wp-image-47960\" srcset=\"https:\/\/www.urlaubcornwall.de\/blog\/wp-content\/uploads\/2024\/03\/Green-Bridge-of-Wales-Castlemartin-Wales-1.jpg 750w, https:\/\/www.urlaubcornwall.de\/blog\/wp-content\/uploads\/2024\/03\/Green-Bridge-of-Wales-Castlemartin-Wales-1-300x206.jpg 300w\" sizes=\"(max-width: 750px) 100vw, 750px\" \/><\/a><\/p>\n<p>Urlaub in Nord-Wales &#8211; An der walisischen Nordk\u00fcste gelegen, ist das Natural Retreats auf der Halbinsel Ll\u0177n das perfekte Refugium an der K\u00fcste und bietet eine ideale Basis f\u00fcr einen Urlaub in Wales. Sandstr\u00e4nde und Gezeitent\u00fcmpel liegen quasi vor Ihrer Haust\u00fcr.<br \/>\nUrlaubCornwall.de besteht aus acht traditionellen Steincottages, die mit der Umgebung harmonieren. Die Ferienunterk\u00fcnfte haben 1, 2 und 3 Schlafzimmer und jedes Cottage besitzt einen unverwechselbaren Charakter, alle sind nach dem h\u00f6chsten Niveau ausgestattet und bieten ein luxuri\u00f6ses Urlaubserlebnis. Die Unterk\u00fcnfte sind f\u00fcr Paare, Familien oder gr\u00f6\u00dfere Gruppen geeignet und befinden sich in unmittelbarer N\u00e4he der \u00f6rtlichen Attraktionen von Nordwales.<\/p>\n<p><strong>Urlaub &amp; Reisen in Wales? <\/strong>Lassen Sie uns Ihre speziellen W\u00fcnsche wissen!<strong> <\/strong><strong><a href=\"http:\/\/www.urlaubcornwall.de\/anfrage.php?tourcode=Ferienhaus Wales\"><strong>Anfrage<\/strong>&gt;&gt;<\/a><\/strong><\/p>\n<table>\n<tbody>\n<tr>\n<td><img loading=\"lazy\" class=\"aligncenter size-full wp-image-7090\" style=\"border: 0pt none; padding: 0px;\" src=\"https:\/\/www.urlaubcornwall.de\/blog\/wp-content\/uploads\/2013\/07\/IMGA00074.jpg\" alt=\"ferienhaus fuer 2 wales\" width=\"148\" height=\"118\" \/><\/td>\n<td><strong><a href=\"https:\/\/www.urlaubcornwall.de\/blog\/2013\/07\/ferienwohnungen-fuer-2-personen-an-der-nordkueste-von-wales\/\"><span style=\"text-decoration: underline;\">Ferienh\u00e4user f\u00fcr 2 Personen<\/span><\/a><\/strong>-Diese luxuri\u00f6sen Ferienwohnungen mit 1 Schafzimmer sind perfekt geeignet f\u00fcr P\u00e4rchen oder Familien mit einem Kleinkind. Die Wohnungen wurden aus traditionellen Steincottages erbaut und erstrecken sich auf zwei Etagen.<\/td>\n<\/tr>\n<\/tbody>\n<\/table>\n<h3><\/h3>\n<table>\n<tbody>\n<tr>\n<td><img loading=\"lazy\" class=\"aligncenter size-full wp-image-7093\" style=\"border: 0pt none; padding: 0px;\" src=\"https:\/\/www.urlaubcornwall.de\/blog\/wp-content\/uploads\/2013\/08\/Ferienhaus-fuer-4_2.jpg\" alt=\"luxus ferienhaus wales\" width=\"148\" height=\"118\" \/><\/td>\n<td><strong><\/strong><strong><a href=\"https:\/\/www.urlaubcornwall.de\/blog\/2013\/07\/ferienhaeuser-fuer-4-personen-an-der-nordkueste-von-wales\/\"><span style=\"text-decoration: underline;\">Ferienh\u00e4user f\u00fcr 4 Personen<\/span><\/a> &#8211; <\/strong>Diese luxuri\u00f6sen Ferienh\u00e4user mit 2 Schlafzimmern liegen an der Nordk\u00fcste von Wales, nahe des Snowdonia-Nationalparks und sind perfekt f\u00fcr einen Familienurlaub.<\/td>\n<\/tr>\n<\/tbody>\n<\/table>\n<h3><\/h3>\n<table>\n<tbody>\n<tr>\n<td><img loading=\"lazy\" class=\"aligncenter size-full wp-image-7094\" style=\"border: 0pt none; padding: 0px;\" src=\"https:\/\/www.urlaubcornwall.de\/blog\/wp-content\/uploads\/2013\/07\/Ferienhaus-fuer-6_3.jpg\" alt=\"ferienhaus fuer 6 wales\" width=\"148\" height=\"118\" \/><\/td>\n<td><strong><a href=\"https:\/\/www.urlaubcornwall.de\/blog\/2013\/07\/ferienhaeuser-fuer-6-personen-an-der-nordkueste-von-wales\/\"><span style=\"text-decoration: underline;\">Ferienh\u00e4user f\u00fcr 6 Personen<\/span><\/a> &#8211; <\/strong>Die Halbinsel Ll\u0177n ist die perfekte Kulisse f\u00fcr einen Urlaub mit Selbstverpflegung im malerischen Nordwales \u2013 hochwertige Ferienh\u00e4user in einer un\u00fcbertreffbaren Lage. Die umgebauten Steincottages mit 3 Schlafzimmern von Natural Retreat.<\/td>\n<\/tr>\n<\/tbody>\n<\/table>\n<h3><\/h3>\n<p><strong>Einrichtungen<\/strong><\/p>\n<p><strong>Jede Unterkunft ist niveauvoll eingerichtet damit Sie einen luxuri\u00f6sen Aufenthalt an diesem atemberaubenden Ort genie\u00dfen k\u00f6nnen.<\/strong><\/p>\n<ul>\n<li>Fernseher<\/li>\n<li>Herd<\/li>\n<li>Mikrowelle<\/li>\n<li>Zentralheizung<\/li>\n<li>Waschmaschine\/Trockner<\/li>\n<li>Bettw\u00e4sche und Handt\u00fccher werden zur Verf\u00fcgung gestellt<\/li>\n<li>Geschirrsp\u00fclmaschine<\/li>\n<\/ul>\n<p><b>Erobern Sie die<\/b> <b>Ll\u0177n Halbinsel <\/b><\/p>\n<p>Mit seinen entz\u00fcckenden kleinen D\u00f6rfern und gewei\u00dfelten Bauerngeh\u00f6ften, sowie weitreichenden Feldern ist Ll\u0177n eine hervorragende Urlaubsgegend f\u00fcr sich selbst versorgende Familien oder f\u00fcr ein romantisches Wochenende. Ob Sie es nun vorziehen zu wandern oder R\u00e4der leihen und radeln; es warten \u00fcber 47 Meilen walisischer K\u00fcste darauf, von Ihnen erobert zu werden.<\/p>\n<p>Ll\u0177n bietet eine Vielfalt an Feriengestaltung und Sehensw\u00fcrdigkeiten, von historischen Pl\u00e4tzen, friedvollen H\u00e4fen, gesch\u00e4ftigen Touristenattraktionen bis hin zu entz\u00fcckenden Landschaften und hervorragenden Str\u00e4nden. <a href=\"https:\/\/www.urlaubcornwall.de\/blog\/urlaub-in-grossbritannien-und-irland-warum-gerade-natural-retreats\/\"><span style=\"text-decoration: underline;\"><strong>Natural Retreats\u00a0Concierge<\/strong><\/span><\/a>\u00a0 kann Ihnen umfassende Reiserouten und Programmabl\u00e4ufe empfehlen, diese f\u00fcr Sie buchen und gestattet Ihnen somit, das Beste aus Ihrem Aufenthalt zu machen und unvergessliche Erinnerungen mitzunehmen.<\/p>\n<p>Nachfolgend finden Sie unseren F\u00fchrer f\u00fcr eine Ferienrundreise in Nordwales &#8230;.<\/p>\n<table>\n<tbody>\n<tr>\n<td><img loading=\"lazy\" class=\"aligncenter size-full wp-image-7094\" style=\"border: 0pt none; padding: 0px;\" src=\"https:\/\/www.urlaubcornwall.de\/blog\/wp-content\/uploads\/2013\/08\/NR-Wales-2.jpg\" alt=\"nordkueste wales\" width=\"148\" height=\"118\" \/><\/td>\n<td>\n<h2>Wandern Nord Wales.<\/h2>\n<p>Die K\u00fcste der Halbinsel Ll\u0177n ist eine Gegend unvergleichbarer Natursch\u00f6nheit mit Familienstr\u00e4nden und jeder Menge Aktionsangeboten, einschlie\u00dflich Wanderungen. Daher ist diese bestens geeignet f\u00fcr Ferien in Wales&#8230;&#8230;.[<a href=\"https:\/\/www.urlaubcornwall.de\/blog\/2014\/01\/wandern-in-nord-wales-natural-retreats-auf-der-halbinsel-llyn\/\"><strong><span style=\"text-decoration: underline;\"><strong>mehr<\/strong><\/span><\/strong><strong>&gt;&gt;<\/strong><\/a>]<\/p><\/td>\n<\/tr>\n<\/tbody>\n<\/table>\n<h3><\/h3>\n<table>\n<tbody>\n<tr>\n<td><img loading=\"lazy\" class=\"aligncenter size-full wp-image-7095\" style=\"border: 0pt none; padding: 0px;\" src=\"https:\/\/www.urlaubcornwall.de\/blog\/wp-content\/uploads\/2014\/01\/5695569_m.jpg\" alt=\" \" width=\"148\" height=\"118\" \/><\/td>\n<td>\n<h2>Besuchen Sie das Burgenzentrum schlechthin der ganzen Welt.<\/h2>\n<p>Wales verf\u00fcgt \u00fcber 400 Schl\u00f6sser und Burgen, von denen 100 noch immer als Ruinen oder restaurierte Bauwerke vorhanden sind, drei der Spektakul\u00e4rsten befinden sich im historischen Nordwales&#8230;&#8230;&#8230;[<a href=\"https:\/\/www.urlaubcornwall.de\/blog\/2014\/01\/urlaub-in-wales-besuchen-sie-das-burgenzentrum-schlechthin-der-ganzen-welt\/\"><strong><span style=\"text-decoration: underline;\"><strong>mehr<\/strong><\/span><\/strong><strong>&gt;&gt;<\/strong><\/a>]<\/p><\/td>\n<\/tr>\n<\/tbody>\n<\/table>\n<h3><\/h3>\n<table>\n<tbody>\n<tr>\n<td><img loading=\"lazy\" class=\"aligncenter size-full wp-image-6603\" style=\"border: 0pt none; padding: 0px;\" src=\"https:\/\/www.urlaubcornwall.de\/blog\/wp-content\/uploads\/2013\/08\/IMGA0011.jpg\" alt=\"rundreise wales\" width=\"148\" height=\"118\" \/><\/td>\n<td>\n<h2>Rundreisen in Wales<\/h2>\n<p>Von allen Regionen in Gro\u00dfbritannien hat Wales immer hart daf\u00fcr gek\u00e4mpft, seine historische Unabh\u00e4ngigkeit und Eigenst\u00e4ndigkeit zu bewahren&#8230;&#8230;[<strong><a href=\"https:\/\/www.urlaubcornwall.de\/blog\/2013\/08\/rundreisen-in-wales-erkunden-sie-dieses-wunderschoene-land-von-norden-nach-sueden\/\"><span style=\"text-decoration: underline;\"><strong>mehr<\/strong><\/span><\/a><\/strong><strong><a href=\"https:\/\/www.urlaubcornwall.de\/blog\/2013\/08\/rundreisen-in-wales-erkunden-sie-dieses-wunderschoene-land-von-norden-nach-sueden\/\">&gt;&gt;<\/a><\/strong>]<\/p><\/td>\n<\/tr>\n<\/tbody>\n<\/table>\n","protected":false},"excerpt":{"rendered":"<p>Urlaub in Nord-Wales &#8211; An der walisischen Nordk\u00fcste gelegen, ist das Natural Retreats auf der Halbinsel Ll\u0177n das perfekte Refugium an der K\u00fcste und bietet eine ideale Basis f\u00fcr einen Urlaub in Wales. Sandstr\u00e4nde und Gezeitent\u00fcmpel liegen quasi vor Ihrer Haust\u00fcr. UrlaubCornwall.de besteht aus acht traditionellen Steincottages, die mit der Umgebung harmonieren. Die Ferienunterk\u00fcnfte haben [&hellip;]<\/p>\n","protected":false},"author":1,"featured_media":0,"parent":0,"menu_order":0,"comment_status":"closed","ping_status":"closed","template":"single-four.php","meta":[],"acf":[],"yoast_head":"<!-- This site is optimized with the Yoast SEO plugin v19.4 - https:\/\/yoast.com\/wordpress\/plugins\/seo\/ -->\n<title>Ferienh\u00e4user auf der Halbinsel Ll\u0177n Nord Wales - Urlaub &amp; Reisen<\/title>\n<meta name=\"robots\" content=\"index, follow, max-snippet:-1, max-image-preview:large, max-video-preview:-1\" \/>\n<link rel=\"canonical\" href=\"https:\/\/www.urlaubcornwall.de\/blog\/natural-retreats-auf-der-halbinsel-llyn-wales-luxus-ferienhaeuser-und-ferienwohnungen\/\" \/>\n<meta property=\"og:locale\" content=\"en_US\" \/>\n<meta property=\"og:type\" content=\"article\" \/>\n<meta property=\"og:title\" content=\"Ferienh\u00e4user auf der Halbinsel Ll\u0177n Nord Wales - Urlaub &amp; Reisen\" \/>\n<meta property=\"og:description\" content=\"Urlaub in Nord-Wales &#8211; An der walisischen Nordk\u00fcste gelegen, ist das Natural Retreats auf der Halbinsel Ll\u0177n das perfekte Refugium an der K\u00fcste und bietet eine ideale Basis f\u00fcr einen Urlaub in Wales. Sandstr\u00e4nde und Gezeitent\u00fcmpel liegen quasi vor Ihrer Haust\u00fcr. UrlaubCornwall.de besteht aus acht traditionellen Steincottages, die mit der Umgebung harmonieren. Die Ferienunterk\u00fcnfte haben [&hellip;]\" \/>\n<meta property=\"og:url\" content=\"https:\/\/www.urlaubcornwall.de\/blog\/natural-retreats-auf-der-halbinsel-llyn-wales-luxus-ferienhaeuser-und-ferienwohnungen\/\" \/>\n<meta property=\"og:site_name\" content=\"Urlaub &amp; Reisen\" \/>\n<meta property=\"article:modified_time\" content=\"2024-05-28T15:12:52+00:00\" \/>\n<meta property=\"og:image\" content=\"https:\/\/www.urlaubcornwall.de\/blog\/wp-content\/uploads\/2024\/03\/Green-Bridge-of-Wales-Castlemartin-Wales-1.jpg\" \/>\n<meta name=\"twitter:card\" content=\"summary\" \/>\n<meta name=\"twitter:label1\" content=\"Est. reading time\" \/>\n\t<meta name=\"twitter:data1\" content=\"4 minutes\" \/>\n<script type=\"application\/ld+json\" class=\"yoast-schema-graph\">{\"@context\":\"https:\/\/schema.org\",\"@graph\":[{\"@type\":\"WebSite\",\"@id\":\"https:\/\/www.urlaubcornwall.de\/blog\/#website\",\"url\":\"https:\/\/www.urlaubcornwall.de\/blog\/\",\"name\":\"Urlaub &amp; Reisen\",\"description\":\"Urlaub, Reisen, Cornwall und S\u00fcdengland: eine perfekte Kombination\",\"potentialAction\":[{\"@type\":\"SearchAction\",\"target\":{\"@type\":\"EntryPoint\",\"urlTemplate\":\"https:\/\/www.urlaubcornwall.de\/blog\/?s={search_term_string}\"},\"query-input\":\"required name=search_term_string\"}],\"inLanguage\":\"en-US\"},{\"@type\":\"WebPage\",\"@id\":\"https:\/\/www.urlaubcornwall.de\/blog\/natural-retreats-auf-der-halbinsel-llyn-wales-luxus-ferienhaeuser-und-ferienwohnungen\/\",\"url\":\"https:\/\/www.urlaubcornwall.de\/blog\/natural-retreats-auf-der-halbinsel-llyn-wales-luxus-ferienhaeuser-und-ferienwohnungen\/\",\"name\":\"Ferienh\u00e4user auf der Halbinsel Ll\u0177n Nord Wales - Urlaub &amp; Reisen\",\"isPartOf\":{\"@id\":\"https:\/\/www.urlaubcornwall.de\/blog\/#website\"},\"datePublished\":\"2013-08-08T09:34:56+00:00\",\"dateModified\":\"2024-05-28T15:12:52+00:00\",\"breadcrumb\":{\"@id\":\"https:\/\/www.urlaubcornwall.de\/blog\/natural-retreats-auf-der-halbinsel-llyn-wales-luxus-ferienhaeuser-und-ferienwohnungen\/#breadcrumb\"},\"inLanguage\":\"en-US\",\"potentialAction\":[{\"@type\":\"ReadAction\",\"target\":[\"https:\/\/www.urlaubcornwall.de\/blog\/natural-retreats-auf-der-halbinsel-llyn-wales-luxus-ferienhaeuser-und-ferienwohnungen\/\"]}]},{\"@type\":\"BreadcrumbList\",\"@id\":\"https:\/\/www.urlaubcornwall.de\/blog\/natural-retreats-auf-der-halbinsel-llyn-wales-luxus-ferienhaeuser-und-ferienwohnungen\/#breadcrumb\",\"itemListElement\":[{\"@type\":\"ListItem\",\"position\":1,\"name\":\"Home\",\"item\":\"https:\/\/www.urlaubcornwall.de\/blog\/\"},{\"@type\":\"ListItem\",\"position\":2,\"name\":\"Ferienh\u00e4user auf der Halbinsel Ll\u0177n Nord Wales\"}]}]}<\/script>\n<!-- \/ Yoast SEO plugin. -->","yoast_head_json":{"title":"Ferienh\u00e4user auf der Halbinsel Ll\u0177n Nord Wales - Urlaub &amp; Reisen","robots":{"index":"index","follow":"follow","max-snippet":"max-snippet:-1","max-image-preview":"max-image-preview:large","max-video-preview":"max-video-preview:-1"},"canonical":"https:\/\/www.urlaubcornwall.de\/blog\/natural-retreats-auf-der-halbinsel-llyn-wales-luxus-ferienhaeuser-und-ferienwohnungen\/","og_locale":"en_US","og_type":"article","og_title":"Ferienh\u00e4user auf der Halbinsel Ll\u0177n Nord Wales - Urlaub &amp; Reisen","og_description":"Urlaub in Nord-Wales &#8211; An der walisischen Nordk\u00fcste gelegen, ist das Natural Retreats auf der Halbinsel Ll\u0177n das perfekte Refugium an der K\u00fcste und bietet eine ideale Basis f\u00fcr einen Urlaub in Wales. Sandstr\u00e4nde und Gezeitent\u00fcmpel liegen quasi vor Ihrer Haust\u00fcr. UrlaubCornwall.de besteht aus acht traditionellen Steincottages, die mit der Umgebung harmonieren. Die Ferienunterk\u00fcnfte haben [&hellip;]","og_url":"https:\/\/www.urlaubcornwall.de\/blog\/natural-retreats-auf-der-halbinsel-llyn-wales-luxus-ferienhaeuser-und-ferienwohnungen\/","og_site_name":"Urlaub &amp; Reisen","article_modified_time":"2024-05-28T15:12:52+00:00","og_image":[{"url":"https:\/\/www.urlaubcornwall.de\/blog\/wp-content\/uploads\/2024\/03\/Green-Bridge-of-Wales-Castlemartin-Wales-1.jpg"}],"twitter_card":"summary","twitter_misc":{"Est. reading time":"4 minutes"},"schema":{"@context":"https:\/\/schema.org","@graph":[{"@type":"WebSite","@id":"https:\/\/www.urlaubcornwall.de\/blog\/#website","url":"https:\/\/www.urlaubcornwall.de\/blog\/","name":"Urlaub &amp; Reisen","description":"Urlaub, Reisen, Cornwall und S\u00fcdengland: eine perfekte Kombination","potentialAction":[{"@type":"SearchAction","target":{"@type":"EntryPoint","urlTemplate":"https:\/\/www.urlaubcornwall.de\/blog\/?s={search_term_string}"},"query-input":"required name=search_term_string"}],"inLanguage":"en-US"},{"@type":"WebPage","@id":"https:\/\/www.urlaubcornwall.de\/blog\/natural-retreats-auf-der-halbinsel-llyn-wales-luxus-ferienhaeuser-und-ferienwohnungen\/","url":"https:\/\/www.urlaubcornwall.de\/blog\/natural-retreats-auf-der-halbinsel-llyn-wales-luxus-ferienhaeuser-und-ferienwohnungen\/","name":"Ferienh\u00e4user auf der Halbinsel Ll\u0177n Nord Wales - Urlaub &amp; Reisen","isPartOf":{"@id":"https:\/\/www.urlaubcornwall.de\/blog\/#website"},"datePublished":"2013-08-08T09:34:56+00:00","dateModified":"2024-05-28T15:12:52+00:00","breadcrumb":{"@id":"https:\/\/www.urlaubcornwall.de\/blog\/natural-retreats-auf-der-halbinsel-llyn-wales-luxus-ferienhaeuser-und-ferienwohnungen\/#breadcrumb"},"inLanguage":"en-US","potentialAction":[{"@type":"ReadAction","target":["https:\/\/www.urlaubcornwall.de\/blog\/natural-retreats-auf-der-halbinsel-llyn-wales-luxus-ferienhaeuser-und-ferienwohnungen\/"]}]},{"@type":"BreadcrumbList","@id":"https:\/\/www.urlaubcornwall.de\/blog\/natural-retreats-auf-der-halbinsel-llyn-wales-luxus-ferienhaeuser-und-ferienwohnungen\/#breadcrumb","itemListElement":[{"@type":"ListItem","position":1,"name":"Home","item":"https:\/\/www.urlaubcornwall.de\/blog\/"},{"@type":"ListItem","position":2,"name":"Ferienh\u00e4user auf der Halbinsel Ll\u0177n Nord Wales"}]}]}},"_links":{"self":[{"href":"https:\/\/www.urlaubcornwall.de\/blog\/wp-json\/wp\/v2\/pages\/10351"}],"collection":[{"href":"https:\/\/www.urlaubcornwall.de\/blog\/wp-json\/wp\/v2\/pages"}],"about":[{"href":"https:\/\/www.urlaubcornwall.de\/blog\/wp-json\/wp\/v2\/types\/page"}],"author":[{"embeddable":true,"href":"https:\/\/www.urlaubcornwall.de\/blog\/wp-json\/wp\/v2\/users\/1"}],"replies":[{"embeddable":true,"href":"https:\/\/www.urlaubcornwall.de\/blog\/wp-json\/wp\/v2\/comments?post=10351"}],"version-history":[{"count":69,"href":"https:\/\/www.urlaubcornwall.de\/blog\/wp-json\/wp\/v2\/pages\/10351\/revisions"}],"predecessor-version":[{"id":50500,"href":"https:\/\/www.urlaubcornwall.de\/blog\/wp-json\/wp\/v2\/pages\/10351\/revisions\/50500"}],"wp:attachment":[{"href":"https:\/\/www.urlaubcornwall.de\/blog\/wp-json\/wp\/v2\/media?parent=10351"}],"curies":[{"name":"wp","href":"https:\/\/api.w.org\/{rel}","templated":true}]}}