{"id":10341,"date":"2013-08-07T11:26:22","date_gmt":"2013-08-07T11:26:22","guid":{"rendered":"https:\/\/www.urlaubcornwall.de\/blog\/?page_id=10341"},"modified":"2019-01-21T15:22:17","modified_gmt":"2019-01-21T15:22:17","slug":"luxusurlaub-und-luxusreisen-in-cornwall","status":"publish","type":"page","link":"https:\/\/www.urlaubcornwall.de\/blog\/luxusurlaub-und-luxusreisen-in-cornwall\/","title":{"rendered":"Luxusurlaub und Luxusreisen in Cornwall und S\u00fcdengland."},"content":{"rendered":"<p><img loading=\"lazy\" class=\"aligncenter size-full wp-image-35131\" src=\"https:\/\/www.urlaubcornwall.de\/blog\/wp-content\/uploads\/2019\/01\/luxus-ferienhaus-cornwall.jpg\" alt=\"luxus ferienhaus cornwall\" width=\"748\" height=\"413\"\/><br \/>\nMit Sitz in Cornwall und einer Leidenschaft f\u00fcr die feineren Dinge des Lebens bieten wir wahrhaft luxuri\u00f6sen Reiseservice f\u00fcr Ihre Rundreise durch S\u00fcdengland. Wir verf\u00fcgen \u00fcber echtes Insiderwissen und arbeiten nur mit den besten Luxushotels zusammen, um unvergessliche Touren oder atemberaubende 5-Sterne- Ferienh\u00e4user f\u00fcr den perfekten Familienurlaub am Meer schlechthin zu kreieren. Ob Sie nun nach einem Landhaushotel im Stile Rosamunde Pilchers suchen oder ein ultramodernes Boutique-Hotel am Meer, so finden Sie all dies in Cornwall.<\/p>\n<div class=\"snippet\"> <a class=\"featured-item\" href=\" https:\/\/www.urlaubcornwall.de\/ferienhaeuser\/cornwall.php\"> <span class=\"image-holder\" style=\"background-image: url('https:\/\/www.urlaubcornwall.de\/blog\/wp-content\/uploads\/2018\/11\/landhaus-cornwall-1.jpg');\"><\/span> <span class=\"featured-content\"> \n<h2 class=\"featured-title\">Luxus-Ferienh\u00e4user in Cornwall<\/h2>\n<p class=\"featured-body\">Cornwall besitzt mehr K\u00fcstenlinien als jede andere Grafschaft und bietet einige der besten Str\u00e4nde, K\u00fcstenwanderwege und Klippenlandschaften, die man \u00fcberhaupt finden kann&#8230;.<\/p>\n<\/span> <span class=\"featured-link-holder\"> <span class=\"featured-extra-info\"> \n<p> F\u00fcr Paare, Familien &#038; Gruppen<\/p>\n<\/span> \n<p class=\"featured-link\">DETAILS<\/p>\n<\/span> <\/a><\/div>\n<p><strong>Unser Rundreisenservice<\/strong> &#8211; Wir spionieren weiter f\u00fcr Sie herum und teilen mit Ihnen die neuesten Hotspots, Tophotels und inspirierende Ideen f\u00fcr Ihren ma\u00dfgeschneiderten Urlaub. Es gibt bei uns keine Pakettour; keine zwei Erfahrungen gleichen sich, da es niemals zwei identische Anforderungen gibt.<\/p>\n<div class=\"snippet\"> <a class=\"featured-item\" href=\" https:\/\/www.urlaubcornwall.de\/blog\/rundreise-suedengland-4-und-5-sterne-hotels-8-tage\/\"> <span class=\"image-holder\" style=\"background-image: url(' https:\/\/www.urlaubcornwall.de\/blog\/wp-content\/uploads\/2018\/11\/luxus-rundreise-cornwall-england.jpg ');\"><\/span> <span class=\"featured-content\"> \n<h2 class=\"featured-title\"> Rundreise in S\u00fcdengland 4* &amp; 5 * Hotels \u2013 8 Tage <\/h2>\n<p class=\"featured-body\"> Sie legen etwas mehr Wert auf tolle Unterk\u00fcnfte? Dann ist diese Reise genau das Richtige f\u00fcr Sie, denn es sind sieben \u00dcbernachtungen in sch\u00f6nen 4-5* Hotels eingeschlossen&#8230;<\/p>\n<\/span> <span class=\"featured-link-holder\"> <span class=\"featured-extra-info\"> \n<p>ab \u20ac 1.320<\/p>\n<\/span> \n<p class=\"featured-link\">DETAILS<\/p>\n<\/span> <\/a><\/div>\n<p>Benutzen Sie unsere Website als Inspiration oder teilen Sie uns Ihre Urlaubspl\u00e4ne mit. Wir k\u00fcmmern uns um Alleinreisende, Paare, Familien und Gruppen jeder Gr\u00f6\u00dfe.<\/p>\n<p style=\"text-align: center;\"><a class=\"tidycta\" href=\"http:\/\/www.urlaubcornwall.de\/anfrage.php?tourcode=Luxusreisen S\u00fcdengland\">Luxusreisen S\u00fcdengland Anfrage<\/a><\/p>\n","protected":false},"excerpt":{"rendered":"<p>Mit Sitz in Cornwall und einer Leidenschaft f\u00fcr die feineren Dinge des Lebens bieten wir wahrhaft luxuri\u00f6sen Reiseservice f\u00fcr Ihre Rundreise durch S\u00fcdengland. Wir verf\u00fcgen \u00fcber echtes Insiderwissen und arbeiten nur mit den besten Luxushotels zusammen, um unvergessliche Touren oder atemberaubende 5-Sterne- Ferienh\u00e4user f\u00fcr den perfekten Familienurlaub am Meer schlechthin zu kreieren. Ob Sie nun [&hellip;]<\/p>\n","protected":false},"author":1,"featured_media":0,"parent":0,"menu_order":0,"comment_status":"closed","ping_status":"closed","template":"single-four.php","meta":[],"acf":[],"yoast_head":"<!-- This site is optimized with the Yoast SEO plugin v19.4 - https:\/\/yoast.com\/wordpress\/plugins\/seo\/ -->\n<title>Luxusurlaub und Luxusreisen in Cornwall und S\u00fcdengland. - Urlaub &amp; Reisen<\/title>\n<meta name=\"robots\" content=\"index, follow, max-snippet:-1, max-image-preview:large, max-video-preview:-1\" \/>\n<link rel=\"canonical\" href=\"https:\/\/www.urlaubcornwall.de\/blog\/luxusurlaub-und-luxusreisen-in-cornwall\/\" \/>\n<meta property=\"og:locale\" content=\"en_US\" \/>\n<meta property=\"og:type\" content=\"article\" \/>\n<meta property=\"og:title\" content=\"Luxusurlaub und Luxusreisen in Cornwall und S\u00fcdengland. - Urlaub &amp; Reisen\" \/>\n<meta property=\"og:description\" content=\"Mit Sitz in Cornwall und einer Leidenschaft f\u00fcr die feineren Dinge des Lebens bieten wir wahrhaft luxuri\u00f6sen Reiseservice f\u00fcr Ihre Rundreise durch S\u00fcdengland. Wir verf\u00fcgen \u00fcber echtes Insiderwissen und arbeiten nur mit den besten Luxushotels zusammen, um unvergessliche Touren oder atemberaubende 5-Sterne- Ferienh\u00e4user f\u00fcr den perfekten Familienurlaub am Meer schlechthin zu kreieren. Ob Sie nun [&hellip;]\" \/>\n<meta property=\"og:url\" content=\"https:\/\/www.urlaubcornwall.de\/blog\/luxusurlaub-und-luxusreisen-in-cornwall\/\" \/>\n<meta property=\"og:site_name\" content=\"Urlaub &amp; Reisen\" \/>\n<meta property=\"article:modified_time\" content=\"2019-01-21T15:22:17+00:00\" \/>\n<meta property=\"og:image\" content=\"https:\/\/www.urlaubcornwall.de\/blog\/wp-content\/uploads\/2019\/01\/luxus-ferienhaus-cornwall.jpg\" \/>\n<meta name=\"twitter:card\" content=\"summary\" \/>\n<meta name=\"twitter:label1\" content=\"Est. reading time\" \/>\n\t<meta name=\"twitter:data1\" content=\"1 minute\" \/>\n<script type=\"application\/ld+json\" class=\"yoast-schema-graph\">{\"@context\":\"https:\/\/schema.org\",\"@graph\":[{\"@type\":\"WebSite\",\"@id\":\"https:\/\/www.urlaubcornwall.de\/blog\/#website\",\"url\":\"https:\/\/www.urlaubcornwall.de\/blog\/\",\"name\":\"Urlaub &amp; Reisen\",\"description\":\"Urlaub, Reisen, Cornwall und S\u00fcdengland: eine perfekte Kombination\",\"potentialAction\":[{\"@type\":\"SearchAction\",\"target\":{\"@type\":\"EntryPoint\",\"urlTemplate\":\"https:\/\/www.urlaubcornwall.de\/blog\/?s={search_term_string}\"},\"query-input\":\"required name=search_term_string\"}],\"inLanguage\":\"en-US\"},{\"@type\":\"WebPage\",\"@id\":\"https:\/\/www.urlaubcornwall.de\/blog\/luxusurlaub-und-luxusreisen-in-cornwall\/\",\"url\":\"https:\/\/www.urlaubcornwall.de\/blog\/luxusurlaub-und-luxusreisen-in-cornwall\/\",\"name\":\"Luxusurlaub und Luxusreisen in Cornwall und S\u00fcdengland. - Urlaub &amp; Reisen\",\"isPartOf\":{\"@id\":\"https:\/\/www.urlaubcornwall.de\/blog\/#website\"},\"datePublished\":\"2013-08-07T11:26:22+00:00\",\"dateModified\":\"2019-01-21T15:22:17+00:00\",\"breadcrumb\":{\"@id\":\"https:\/\/www.urlaubcornwall.de\/blog\/luxusurlaub-und-luxusreisen-in-cornwall\/#breadcrumb\"},\"inLanguage\":\"en-US\",\"potentialAction\":[{\"@type\":\"ReadAction\",\"target\":[\"https:\/\/www.urlaubcornwall.de\/blog\/luxusurlaub-und-luxusreisen-in-cornwall\/\"]}]},{\"@type\":\"BreadcrumbList\",\"@id\":\"https:\/\/www.urlaubcornwall.de\/blog\/luxusurlaub-und-luxusreisen-in-cornwall\/#breadcrumb\",\"itemListElement\":[{\"@type\":\"ListItem\",\"position\":1,\"name\":\"Home\",\"item\":\"https:\/\/www.urlaubcornwall.de\/blog\/\"},{\"@type\":\"ListItem\",\"position\":2,\"name\":\"Luxusurlaub und Luxusreisen in Cornwall und S\u00fcdengland.\"}]}]}<\/script>\n<!-- \/ Yoast SEO plugin. -->","yoast_head_json":{"title":"Luxusurlaub und Luxusreisen in Cornwall und S\u00fcdengland. - Urlaub &amp; Reisen","robots":{"index":"index","follow":"follow","max-snippet":"max-snippet:-1","max-image-preview":"max-image-preview:large","max-video-preview":"max-video-preview:-1"},"canonical":"https:\/\/www.urlaubcornwall.de\/blog\/luxusurlaub-und-luxusreisen-in-cornwall\/","og_locale":"en_US","og_type":"article","og_title":"Luxusurlaub und Luxusreisen in Cornwall und S\u00fcdengland. - Urlaub &amp; Reisen","og_description":"Mit Sitz in Cornwall und einer Leidenschaft f\u00fcr die feineren Dinge des Lebens bieten wir wahrhaft luxuri\u00f6sen Reiseservice f\u00fcr Ihre Rundreise durch S\u00fcdengland. Wir verf\u00fcgen \u00fcber echtes Insiderwissen und arbeiten nur mit den besten Luxushotels zusammen, um unvergessliche Touren oder atemberaubende 5-Sterne- Ferienh\u00e4user f\u00fcr den perfekten Familienurlaub am Meer schlechthin zu kreieren. Ob Sie nun [&hellip;]","og_url":"https:\/\/www.urlaubcornwall.de\/blog\/luxusurlaub-und-luxusreisen-in-cornwall\/","og_site_name":"Urlaub &amp; Reisen","article_modified_time":"2019-01-21T15:22:17+00:00","og_image":[{"url":"https:\/\/www.urlaubcornwall.de\/blog\/wp-content\/uploads\/2019\/01\/luxus-ferienhaus-cornwall.jpg"}],"twitter_card":"summary","twitter_misc":{"Est. reading time":"1 minute"},"schema":{"@context":"https:\/\/schema.org","@graph":[{"@type":"WebSite","@id":"https:\/\/www.urlaubcornwall.de\/blog\/#website","url":"https:\/\/www.urlaubcornwall.de\/blog\/","name":"Urlaub &amp; Reisen","description":"Urlaub, Reisen, Cornwall und S\u00fcdengland: eine perfekte Kombination","potentialAction":[{"@type":"SearchAction","target":{"@type":"EntryPoint","urlTemplate":"https:\/\/www.urlaubcornwall.de\/blog\/?s={search_term_string}"},"query-input":"required name=search_term_string"}],"inLanguage":"en-US"},{"@type":"WebPage","@id":"https:\/\/www.urlaubcornwall.de\/blog\/luxusurlaub-und-luxusreisen-in-cornwall\/","url":"https:\/\/www.urlaubcornwall.de\/blog\/luxusurlaub-und-luxusreisen-in-cornwall\/","name":"Luxusurlaub und Luxusreisen in Cornwall und S\u00fcdengland. - Urlaub &amp; Reisen","isPartOf":{"@id":"https:\/\/www.urlaubcornwall.de\/blog\/#website"},"datePublished":"2013-08-07T11:26:22+00:00","dateModified":"2019-01-21T15:22:17+00:00","breadcrumb":{"@id":"https:\/\/www.urlaubcornwall.de\/blog\/luxusurlaub-und-luxusreisen-in-cornwall\/#breadcrumb"},"inLanguage":"en-US","potentialAction":[{"@type":"ReadAction","target":["https:\/\/www.urlaubcornwall.de\/blog\/luxusurlaub-und-luxusreisen-in-cornwall\/"]}]},{"@type":"BreadcrumbList","@id":"https:\/\/www.urlaubcornwall.de\/blog\/luxusurlaub-und-luxusreisen-in-cornwall\/#breadcrumb","itemListElement":[{"@type":"ListItem","position":1,"name":"Home","item":"https:\/\/www.urlaubcornwall.de\/blog\/"},{"@type":"ListItem","position":2,"name":"Luxusurlaub und Luxusreisen in Cornwall und S\u00fcdengland."}]}]}},"_links":{"self":[{"href":"https:\/\/www.urlaubcornwall.de\/blog\/wp-json\/wp\/v2\/pages\/10341"}],"collection":[{"href":"https:\/\/www.urlaubcornwall.de\/blog\/wp-json\/wp\/v2\/pages"}],"about":[{"href":"https:\/\/www.urlaubcornwall.de\/blog\/wp-json\/wp\/v2\/types\/page"}],"author":[{"embeddable":true,"href":"https:\/\/www.urlaubcornwall.de\/blog\/wp-json\/wp\/v2\/users\/1"}],"replies":[{"embeddable":true,"href":"https:\/\/www.urlaubcornwall.de\/blog\/wp-json\/wp\/v2\/comments?post=10341"}],"version-history":[{"count":91,"href":"https:\/\/www.urlaubcornwall.de\/blog\/wp-json\/wp\/v2\/pages\/10341\/revisions"}],"predecessor-version":[{"id":35196,"href":"https:\/\/www.urlaubcornwall.de\/blog\/wp-json\/wp\/v2\/pages\/10341\/revisions\/35196"}],"wp:attachment":[{"href":"https:\/\/www.urlaubcornwall.de\/blog\/wp-json\/wp\/v2\/media?parent=10341"}],"curies":[{"name":"wp","href":"https:\/\/api.w.org\/{rel}","templated":true}]}}