{"id":10305,"date":"2013-08-05T13:59:28","date_gmt":"2013-08-05T13:59:28","guid":{"rendered":"https:\/\/www.urlaubcornwall.de\/blog\/?page_id=10305"},"modified":"2018-03-22T11:46:33","modified_gmt":"2018-03-22T11:46:33","slug":"hotels-in-cornwall","status":"publish","type":"page","link":"https:\/\/www.urlaubcornwall.de\/blog\/hotels-in-cornwall\/","title":{"rendered":"Sch\u00f6ne Hotels in Cornwall, Devon und S\u00fcdewestengland"},"content":{"rendered":"<div id=\"attachment_5709\" style=\"width: 755px\" class=\"wp-caption aligncenter\"><a href=\"https:\/\/www.urlaubcornwall.de\/blog\/wp-content\/uploads\/2012\/10\/IMG_05991-Rundreise-resized1.jpg\"><img aria-describedby=\"caption-attachment-5709\" loading=\"lazy\" class=\"size-full wp-image-5709 \" style=\"border: 0pt none; padding: 0px;\" src=\"https:\/\/www.urlaubcornwall.de\/blog\/wp-content\/uploads\/2012\/10\/IMG_05991-Rundreise-resized1.jpg\" alt=\"sch\u00f6nsten Str\u00e4nde in Cornwall\" width=\"745\" height=\"215\" srcset=\"https:\/\/www.urlaubcornwall.de\/blog\/wp-content\/uploads\/2012\/10\/IMG_05991-Rundreise-resized1.jpg 745w, https:\/\/www.urlaubcornwall.de\/blog\/wp-content\/uploads\/2012\/10\/IMG_05991-Rundreise-resized1-300x86.jpg 300w\" sizes=\"(max-width: 745px) 100vw, 745px\" \/><\/a><p id=\"caption-attachment-5709\" class=\"wp-caption-text\"><strong>Urlaub, Reisen, Cornwall: eine perfekte Kombination<\/strong><\/p><\/div>\n<p>Hier finden Sie unsere Lieblingshotels in Cornwall S\u00fcdewestengland, die wir pers\u00f6nlich besucht und als die besten ihrer Art befunden haben. Wir zeigen Ihnen Hotels in verschiedenen Preisklassen von luxuri\u00f6s bis g\u00fcnstig, aber alle bieten ein hervorragendes Preis-Leistungs-Verh\u00e4ltnis.<\/p>\n<table>\n<tbody>\n<tr>\n<td><img loading=\"lazy\" class=\"aligncenter size-full wp-image-7090\" style=\"border: 0pt none; padding: 0px;\" src=\"https:\/\/www.urlaubcornwall.de\/blog\/wp-content\/uploads\/2012\/06\/sml-Rosevine-bunk-room1.jpg\" alt=\"Hotel mit kindern\" width=\"148\" height=\"118\" \/><\/td>\n<td><a href=\"https:\/\/www.urlaubcornwall.de\/blog\/2012\/05\/handverlesene-familienhotels-in-cornwall\/\"><span style=\"text-decoration: underline;\"><b>Familienhotels<\/b><\/span><b>&gt;&gt; <\/b><\/a>\n<h3><\/h3>\n<p>Wir haben Hotels mit einer F\u00fclle an Einrichtungen f\u00fcr Kinder entdeckt und die zudem den Luxus und Service bieten, den Erwachsene begr\u00fc\u00dfen. Alle Hotels haben einen herrlichen Meerblick und befinden sich ganz in der N\u00e4he vom Strand.<\/p><\/td>\n<\/tr>\n<\/tbody>\n<\/table>\n<table>\n<tbody>\n<tr>\n<td><img loading=\"lazy\" class=\"aligncenter size-full wp-image-7093\" style=\"border: 0pt none; padding: 0px;\" src=\"https:\/\/www.urlaubcornwall.de\/blog\/wp-content\/uploads\/2012\/09\/211.jpg\" alt=\"boutique hotel cornwall\" width=\"148\" height=\"118\" \/><\/td>\n<td><span style=\"text-decoration: underline;\"><a href=\"https:\/\/www.urlaubcornwall.de\/blog\/2013\/01\/boutique-hotels-cornwall\/\"><b>Boutique Hotels<\/b><\/a><\/span>&gt;&gt;<br \/>\n<a href=\"https:\/\/www.urlaubcornwall.de\/blog\/2013\/01\/boutique-hotels-cornwall\/\"><span style=\"text-decoration: underline;\"><br \/>\n<\/span><\/a>\n<h3><\/h3>\n<p>Hier finden Sie moderne Hotels, die Ihnen Luxus, Stil und gro\u00dfartige K\u00fcche bieten. Von Zimmern mit einer Aussicht auf den St Michael\u2018s Mount bis hin zu Suiten mit Meerblick in St Ives stellen wir Ihnen hier die feinsten Hotels vor. Perfekt f\u00fcr einen romantischen Urlaub<\/p><\/td>\n<\/tr>\n<\/tbody>\n<\/table>\n<table>\n<tbody>\n<tr>\n<td><img loading=\"lazy\" class=\"aligncenter size-full wp-image-7094\" style=\"border: 0pt none; padding: 0px;\" src=\"https:\/\/www.urlaubcornwall.de\/blog\/wp-content\/uploads\/2012\/04\/View-from-the-hot-tub-Watergate-Bay-Hotel-Cornwall-\u00a9-Kirstin-Prisk1.jpg\" alt=\"Watergate Bay\" width=\"148\" height=\"118\" \/><\/td>\n<td><a href=\"https:\/\/www.urlaubcornwall.de\/blog\/hotels-an-den-wunderschoensten-straenden-in-cornwall\/\"><b><span style=\"text-decoration: underline;\">Hotels entlang der sch\u00f6nsten Str\u00e4nde von Cornwall<\/span><\/b><\/a>&gt;&gt;\n<h3><\/h3>\n<p>Wir haben f\u00fcr Sie eine spezielle Karte mit den malerischsten Str\u00e4nden und Hotels in Cornwall erstellt, wo Sie einen entspannten Aufenthalt mit einem tollen Meerblick genie\u00dfen k\u00f6nnen. Karte anzeigen<\/p><\/td>\n<\/tr>\n<\/tbody>\n<\/table>\n<table>\n<tbody>\n<tr>\n<td><img loading=\"lazy\" class=\"aligncenter size-full wp-image-7102\" style=\"border: 0pt none; padding: 0px;\" src=\"https:\/\/www.urlaubcornwall.de\/blog\/wp-content\/uploads\/2013\/07\/IMGA000211.jpg\" alt=\"Landhotel Cornwall\" width=\"148\" height=\"118\" \/><\/td>\n<td><a href=\"https:\/\/www.urlaubcornwall.de\/blog\/2013\/01\/landhotels-cornwall\/\"><b><span style=\"text-decoration: underline;\">Landhaus Hotels<\/span>&gt;&gt;<\/b><\/a>\n<h3><\/h3>\n<p>Es handelt sich hierbei um traditionelle Landh\u00e4user, die Bilder von den Rosamunde Pilcher Verfilmungen hervorrufen, mit wundersch\u00f6nen Englischen G\u00e4rten in einer friedlichen Idylle gelegen. Es wird Ihnen eine hohe Servicequalit\u00e4t und Liebe zum Detail geboten, ganz wie Sie es von diesen feinen Hotels erwarten w\u00fcrden.<\/p><\/td>\n<\/tr>\n<\/tbody>\n<\/table>\n<table>\n<tbody>\n<tr>\n<td><img loading=\"lazy\" class=\"aligncenter size-full wp-image-7102\" style=\"border: 0pt none; padding: 0px;\" src=\"https:\/\/www.urlaubcornwall.de\/blog\/wp-content\/uploads\/2012\/07\/theCamelEstuaryformsabackdroptothegreenonthepar51sthole1.jpg\" alt=\"Golf in Cornwall\" width=\"148\" height=\"118\" \/><\/td>\n<td><b><a href=\"https:\/\/www.urlaubcornwall.de\/blog\/2013\/01\/die-top-golfhotels-in-cornwall\/\"><span style=\"text-decoration: underline;\">Golfhotels<\/span>&gt;&gt;<\/a><\/b>\n<h3><\/h3>\n<p>Entlang seiner K\u00fcste bietet Cornwall erstklassige Golfpl\u00e4tze auf denen Sie bei einer Runde Golf die atemberaubende Aussicht auf sich wirken lassen k\u00f6nnen.<\/p><\/td>\n<\/tr>\n<\/tbody>\n<\/table>\n<table>\n<tbody>\n<tr>\n<td><img loading=\"lazy\" class=\"aligncenter size-full wp-image-7090\" style=\"border: 0pt none; padding: 0px;\" src=\"https:\/\/www.urlaubcornwall.de\/blog\/wp-content\/uploads\/2012\/08\/FBC_dining_view1.jpg\" alt=\"Luxushotel Cornwall\" width=\"148\" height=\"118\" \/><\/td>\n<td><a href=\"https:\/\/www.urlaubcornwall.de\/blog\/2012\/05\/handverlesene-4-und-5-sterne-luxushotels-in-cornwall\/\"><b><span style=\"text-decoration: underline;\">Luxushotels<\/span>&gt;&gt;<\/b><\/a>\n<h3><\/h3>\n<p>F\u00fcr den perfekten Luxusurlaub kann Cornwall Ihnen einige der besten Hotels in England bieten mit atemberaubenden landschaftlichen Kulissen, hochwertigen Zimmern und Spa-Einrichtungen.<\/p><\/td>\n<\/tr>\n<\/tbody>\n<\/table>\n<table>\n<tbody>\n<tr>\n<td><img loading=\"lazy\" class=\"aligncenter size-full wp-image-7090\" style=\"border: 0pt none; padding: 0px;\" src=\"https:\/\/www.urlaubcornwall.de\/blog\/wp-content\/uploads\/2012\/05\/porthcressa_beach_st_marys__470x350.jpg\" alt=\"Isles of Scilly\" width=\"148\" height=\"118\" \/><\/td>\n<td><a href=\"https:\/\/www.urlaubcornwall.de\/blog\/2012\/05\/hotels-in-scilly-inseln-unsere-auswahl\/\"><b><span style=\"text-decoration: underline;\">Hotels auf den Scilly Inseln<\/span>&gt;&gt;<\/b><\/a>\n<h3><\/h3>\n<p>Die Scilly-Inseln liegen 45 Kilometer vor der kornischen K\u00fcste, scheinen aber eine halbe Welt entfernt zu sein. Es herrscht dort ein gelassenes Lebenstempo mit wenigen Autos und Bootsfahrten zwischen den 5 bewohnten Inseln. Es ist das ultimative Luxusurlaubsziel in Cornwall, aber wir haben auch das Beste von den preiswerteren Hotels f\u00fcr Sie im Angebot.<\/p><\/td>\n<\/tr>\n<\/tbody>\n<\/table>\n<p style=\"text-align: center;\"><b>Klicken Sie <\/b><strong>hie<\/strong>r<b>, um sich unser vollst\u00e4ndiges Angebot der besten <a href=\"https:\/\/www.urlaubcornwall.de\/hotels.php\">Hotels in Cornwall&gt;&gt;<\/a><\/b><\/p>\n","protected":false},"excerpt":{"rendered":"<p>Hier finden Sie unsere Lieblingshotels in Cornwall S\u00fcdewestengland, die wir pers\u00f6nlich besucht und als die besten ihrer Art befunden haben. Wir zeigen Ihnen Hotels in verschiedenen Preisklassen von luxuri\u00f6s bis g\u00fcnstig, aber alle bieten ein hervorragendes Preis-Leistungs-Verh\u00e4ltnis. Familienhotels&gt;&gt; Wir haben Hotels mit einer F\u00fclle an Einrichtungen f\u00fcr Kinder entdeckt und die zudem den Luxus und [&hellip;]<\/p>\n","protected":false},"author":1,"featured_media":0,"parent":0,"menu_order":0,"comment_status":"closed","ping_status":"closed","template":"single-four.php","meta":[],"acf":[],"yoast_head":"<!-- This site is optimized with the Yoast SEO plugin v19.4 - https:\/\/yoast.com\/wordpress\/plugins\/seo\/ -->\n<title>Sch\u00f6ne Hotels in Cornwall, Devon und S\u00fcdewestengland - Urlaub &amp; Reisen<\/title>\n<meta name=\"robots\" content=\"index, follow, max-snippet:-1, max-image-preview:large, max-video-preview:-1\" \/>\n<link rel=\"canonical\" href=\"https:\/\/www.urlaubcornwall.de\/blog\/hotels-in-cornwall\/\" \/>\n<meta property=\"og:locale\" content=\"en_US\" \/>\n<meta property=\"og:type\" content=\"article\" \/>\n<meta property=\"og:title\" content=\"Sch\u00f6ne Hotels in Cornwall, Devon und S\u00fcdewestengland - Urlaub &amp; Reisen\" \/>\n<meta property=\"og:description\" content=\"Hier finden Sie unsere Lieblingshotels in Cornwall S\u00fcdewestengland, die wir pers\u00f6nlich besucht und als die besten ihrer Art befunden haben. Wir zeigen Ihnen Hotels in verschiedenen Preisklassen von luxuri\u00f6s bis g\u00fcnstig, aber alle bieten ein hervorragendes Preis-Leistungs-Verh\u00e4ltnis. Familienhotels&gt;&gt; Wir haben Hotels mit einer F\u00fclle an Einrichtungen f\u00fcr Kinder entdeckt und die zudem den Luxus und [&hellip;]\" \/>\n<meta property=\"og:url\" content=\"https:\/\/www.urlaubcornwall.de\/blog\/hotels-in-cornwall\/\" \/>\n<meta property=\"og:site_name\" content=\"Urlaub &amp; Reisen\" \/>\n<meta property=\"article:modified_time\" content=\"2018-03-22T11:46:33+00:00\" \/>\n<meta property=\"og:image\" content=\"https:\/\/www.urlaubcornwall.de\/blog\/wp-content\/uploads\/2012\/10\/IMG_05991-Rundreise-resized1.jpg\" \/>\n<meta name=\"twitter:card\" content=\"summary\" \/>\n<meta name=\"twitter:label1\" content=\"Est. reading time\" \/>\n\t<meta name=\"twitter:data1\" content=\"2 minutes\" \/>\n<script type=\"application\/ld+json\" class=\"yoast-schema-graph\">{\"@context\":\"https:\/\/schema.org\",\"@graph\":[{\"@type\":\"WebSite\",\"@id\":\"https:\/\/www.urlaubcornwall.de\/blog\/#website\",\"url\":\"https:\/\/www.urlaubcornwall.de\/blog\/\",\"name\":\"Urlaub &amp; Reisen\",\"description\":\"Urlaub, Reisen, Cornwall und S\u00fcdengland: eine perfekte Kombination\",\"potentialAction\":[{\"@type\":\"SearchAction\",\"target\":{\"@type\":\"EntryPoint\",\"urlTemplate\":\"https:\/\/www.urlaubcornwall.de\/blog\/?s={search_term_string}\"},\"query-input\":\"required name=search_term_string\"}],\"inLanguage\":\"en-US\"},{\"@type\":\"WebPage\",\"@id\":\"https:\/\/www.urlaubcornwall.de\/blog\/hotels-in-cornwall\/\",\"url\":\"https:\/\/www.urlaubcornwall.de\/blog\/hotels-in-cornwall\/\",\"name\":\"Sch\u00f6ne Hotels in Cornwall, Devon und S\u00fcdewestengland - Urlaub &amp; Reisen\",\"isPartOf\":{\"@id\":\"https:\/\/www.urlaubcornwall.de\/blog\/#website\"},\"datePublished\":\"2013-08-05T13:59:28+00:00\",\"dateModified\":\"2018-03-22T11:46:33+00:00\",\"breadcrumb\":{\"@id\":\"https:\/\/www.urlaubcornwall.de\/blog\/hotels-in-cornwall\/#breadcrumb\"},\"inLanguage\":\"en-US\",\"potentialAction\":[{\"@type\":\"ReadAction\",\"target\":[\"https:\/\/www.urlaubcornwall.de\/blog\/hotels-in-cornwall\/\"]}]},{\"@type\":\"BreadcrumbList\",\"@id\":\"https:\/\/www.urlaubcornwall.de\/blog\/hotels-in-cornwall\/#breadcrumb\",\"itemListElement\":[{\"@type\":\"ListItem\",\"position\":1,\"name\":\"Home\",\"item\":\"https:\/\/www.urlaubcornwall.de\/blog\/\"},{\"@type\":\"ListItem\",\"position\":2,\"name\":\"Sch\u00f6ne Hotels in Cornwall, Devon und S\u00fcdewestengland\"}]}]}<\/script>\n<!-- \/ Yoast SEO plugin. -->","yoast_head_json":{"title":"Sch\u00f6ne Hotels in Cornwall, Devon und S\u00fcdewestengland - Urlaub &amp; Reisen","robots":{"index":"index","follow":"follow","max-snippet":"max-snippet:-1","max-image-preview":"max-image-preview:large","max-video-preview":"max-video-preview:-1"},"canonical":"https:\/\/www.urlaubcornwall.de\/blog\/hotels-in-cornwall\/","og_locale":"en_US","og_type":"article","og_title":"Sch\u00f6ne Hotels in Cornwall, Devon und S\u00fcdewestengland - Urlaub &amp; Reisen","og_description":"Hier finden Sie unsere Lieblingshotels in Cornwall S\u00fcdewestengland, die wir pers\u00f6nlich besucht und als die besten ihrer Art befunden haben. Wir zeigen Ihnen Hotels in verschiedenen Preisklassen von luxuri\u00f6s bis g\u00fcnstig, aber alle bieten ein hervorragendes Preis-Leistungs-Verh\u00e4ltnis. Familienhotels&gt;&gt; Wir haben Hotels mit einer F\u00fclle an Einrichtungen f\u00fcr Kinder entdeckt und die zudem den Luxus und [&hellip;]","og_url":"https:\/\/www.urlaubcornwall.de\/blog\/hotels-in-cornwall\/","og_site_name":"Urlaub &amp; Reisen","article_modified_time":"2018-03-22T11:46:33+00:00","og_image":[{"url":"https:\/\/www.urlaubcornwall.de\/blog\/wp-content\/uploads\/2012\/10\/IMG_05991-Rundreise-resized1.jpg"}],"twitter_card":"summary","twitter_misc":{"Est. reading time":"2 minutes"},"schema":{"@context":"https:\/\/schema.org","@graph":[{"@type":"WebSite","@id":"https:\/\/www.urlaubcornwall.de\/blog\/#website","url":"https:\/\/www.urlaubcornwall.de\/blog\/","name":"Urlaub &amp; Reisen","description":"Urlaub, Reisen, Cornwall und S\u00fcdengland: eine perfekte Kombination","potentialAction":[{"@type":"SearchAction","target":{"@type":"EntryPoint","urlTemplate":"https:\/\/www.urlaubcornwall.de\/blog\/?s={search_term_string}"},"query-input":"required name=search_term_string"}],"inLanguage":"en-US"},{"@type":"WebPage","@id":"https:\/\/www.urlaubcornwall.de\/blog\/hotels-in-cornwall\/","url":"https:\/\/www.urlaubcornwall.de\/blog\/hotels-in-cornwall\/","name":"Sch\u00f6ne Hotels in Cornwall, Devon und S\u00fcdewestengland - Urlaub &amp; Reisen","isPartOf":{"@id":"https:\/\/www.urlaubcornwall.de\/blog\/#website"},"datePublished":"2013-08-05T13:59:28+00:00","dateModified":"2018-03-22T11:46:33+00:00","breadcrumb":{"@id":"https:\/\/www.urlaubcornwall.de\/blog\/hotels-in-cornwall\/#breadcrumb"},"inLanguage":"en-US","potentialAction":[{"@type":"ReadAction","target":["https:\/\/www.urlaubcornwall.de\/blog\/hotels-in-cornwall\/"]}]},{"@type":"BreadcrumbList","@id":"https:\/\/www.urlaubcornwall.de\/blog\/hotels-in-cornwall\/#breadcrumb","itemListElement":[{"@type":"ListItem","position":1,"name":"Home","item":"https:\/\/www.urlaubcornwall.de\/blog\/"},{"@type":"ListItem","position":2,"name":"Sch\u00f6ne Hotels in Cornwall, Devon und S\u00fcdewestengland"}]}]}},"_links":{"self":[{"href":"https:\/\/www.urlaubcornwall.de\/blog\/wp-json\/wp\/v2\/pages\/10305"}],"collection":[{"href":"https:\/\/www.urlaubcornwall.de\/blog\/wp-json\/wp\/v2\/pages"}],"about":[{"href":"https:\/\/www.urlaubcornwall.de\/blog\/wp-json\/wp\/v2\/types\/page"}],"author":[{"embeddable":true,"href":"https:\/\/www.urlaubcornwall.de\/blog\/wp-json\/wp\/v2\/users\/1"}],"replies":[{"embeddable":true,"href":"https:\/\/www.urlaubcornwall.de\/blog\/wp-json\/wp\/v2\/comments?post=10305"}],"version-history":[{"count":31,"href":"https:\/\/www.urlaubcornwall.de\/blog\/wp-json\/wp\/v2\/pages\/10305\/revisions"}],"predecessor-version":[{"id":33231,"href":"https:\/\/www.urlaubcornwall.de\/blog\/wp-json\/wp\/v2\/pages\/10305\/revisions\/33231"}],"wp:attachment":[{"href":"https:\/\/www.urlaubcornwall.de\/blog\/wp-json\/wp\/v2\/media?parent=10305"}],"curies":[{"name":"wp","href":"https:\/\/api.w.org\/{rel}","templated":true}]}}